{"id":2265,"date":"2024-09-11T14:22:45","date_gmt":"2024-09-11T14:22:45","guid":{"rendered":"https:\/\/theme-dev.cmsmasters.net\/buzz-club\/?page_id=1117"},"modified":"2025-07-10T15:26:43","modified_gmt":"2025-07-10T15:26:43","slug":"contacto","status":"publish","type":"page","link":"https:\/\/salafantastic.tallerdeweb.com\/?page_id=2265","title":{"rendered":"Contacto"},"content":{"rendered":"\t\t<div data-elementor-type=\"wp-page\" data-elementor-id=\"2265\" class=\"elementor elementor-2265\" data-elementor-post-type=\"page\">\n\t\t\t\t<div class=\"elementor-element elementor-element-07ab8a3 e-flex e-con-boxed cmsmasters-block-default e-con e-parent\" data-id=\"07ab8a3\" data-element_type=\"container\" data-e-type=\"container\" data-settings=\"{&quot;background_background&quot;:&quot;classic&quot;}\">\n\t\t\t\t\t<div class=\"e-con-inner\">\n\t\t<div class=\"elementor-element elementor-element-1441750 e-con-full e-flex cmsmasters-block-default e-con e-child\" data-id=\"1441750\" data-element_type=\"container\" data-e-type=\"container\">\n\t\t\t\t<div class=\"elementor-element elementor-element-c0c44e9 cmsmasters-block-default cmsmasters-sticky-default elementor-widget elementor-widget-heading\" data-id=\"c0c44e9\" data-element_type=\"widget\" data-e-type=\"widget\" data-widget_type=\"heading.default\">\n\t\t\t\t<div class=\"elementor-widget-container\">\n\t\t\t\t\t<h2 class=\"elementor-heading-title elementor-size-default\">Cont\u00e1ctanos<\/h2>\t\t\t\t<\/div>\n\t\t\t\t<\/div>\n\t\t\t\t<div class=\"elementor-element elementor-element-9a31fe6 cmsmasters-block-default cmsmasters-sticky-default elementor-widget elementor-widget-cmsmasters-forminator\" data-id=\"9a31fe6\" data-element_type=\"widget\" data-e-type=\"widget\" data-settings=\"{&quot;form_list&quot;:&quot;1342&quot;}\" data-widget_type=\"cmsmasters-forminator.default\">\n\t\t\t\t<div class=\"elementor-widget-container\">\n\t\t\t\t\t<div class=\"elementor-widget-cmsmasters-contact-form__wrapper elementor-widget-cmsmasters-contact-form cmsmasters-default-font\" id=\"cmsmasters-widget-form-9a31fe6\">\n\t\t\t<div class=\"elementor-widget-cmsmasters-contact-form__inner\"><div class=\"forminator-ui forminator-custom-form forminator-custom-form-1342 forminator-design--default  forminator_ajax\" data-forminator-render=\"0\" data-form=\"forminator-module-1342\" data-uid=\"69da46793cff2\"><br\/><\/div><form\n\t\t\t\tid=\"forminator-module-1342\"\n\t\t\t\tclass=\"forminator-ui forminator-custom-form forminator-custom-form-1342 forminator-design--default  forminator_ajax\"\n\t\t\t\tmethod=\"post\"\n\t\t\t\tdata-forminator-render=\"0\"\n\t\t\t\tdata-form-id=\"1342\"\n\t\t\t\t data-color-option=\"default\" data-design=\"default\" data-grid=\"open\" style=\"display: none;\"\n\t\t\t\tdata-uid=\"69da46793cff2\"\n\t\t\t><div role=\"alert\" aria-live=\"polite\" class=\"forminator-response-message forminator-error\" aria-hidden=\"true\"><\/div><div class=\"forminator-row\"><div id=\"name-1\" class=\"forminator-field-name forminator-col forminator-col-12 \"><div class=\"forminator-row forminator-no-margin\" data-multiple=\"true\"><div class=\"forminator-col forminator-col-md-6\"><div class=\"forminator-field\"><label for=\"forminator-field-first-name-1_69da46793cff2\" id=\"forminator-field-first-name-1_69da46793cff2-label\" class=\"forminator-label\">Nombre <span class=\"forminator-required\">*<\/span><\/label><input type=\"text\" name=\"name-1-first-name\" placeholder=\"\" id=\"forminator-field-first-name-1_69da46793cff2\" class=\"forminator-input\" aria-required=\"true\" data-multi=\"1\" autocomplete=\"given-name\" value=\"\" \/><\/div><\/div><div class=\"forminator-col forminator-col-md-6\"><div class=\"forminator-field\"><label for=\"forminator-field-last-name-1_69da46793cff2\" id=\"forminator-field-last-name-1_69da46793cff2-label\" class=\"forminator-label\">Apellidos <span class=\"forminator-required\">*<\/span><\/label><input type=\"text\" name=\"name-1-last-name\" placeholder=\"\" id=\"forminator-field-last-name-1_69da46793cff2\" class=\"forminator-input\" aria-required=\"true\" data-multi=\"1\" autocomplete=\"family-name\" value=\"\" \/><\/div><\/div><\/div><\/div><\/div><div class=\"forminator-row\"><div id=\"email-1\" class=\"forminator-field-email forminator-col forminator-col-12 \"><div class=\"forminator-field\"><label for=\"forminator-field-email-1_69da46793cff2\" id=\"forminator-field-email-1_69da46793cff2-label\" class=\"forminator-label\">Email <span class=\"forminator-required\">*<\/span><\/label><input type=\"email\" name=\"email-1\" value=\"\" placeholder=\"\" id=\"forminator-field-email-1_69da46793cff2\" class=\"forminator-input forminator-email--field\" data-required=\"true\" aria-required=\"true\" autocomplete=\"email\" \/><\/div><\/div><\/div><div class=\"forminator-row\"><div id=\"phone-1\" class=\"forminator-field-phone forminator-col forminator-col-6 \"><div class=\"forminator-field\"><label for=\"forminator-field-phone-1_69da46793cff2\" id=\"forminator-field-phone-1_69da46793cff2-label\" class=\"forminator-label\">Tel\u00e9fono <span class=\"forminator-required\">*<\/span><\/label><input type=\"text\" name=\"phone-1\" value=\"\" placeholder=\"\" id=\"forminator-field-phone-1_69da46793cff2\" class=\"forminator-input forminator-field--phone\" data-required=\"1\" aria-required=\"true\" autocomplete=\"off\" \/><\/div><\/div><div id=\"date-1\" class=\"forminator-field-date forminator-col forminator-col-6 \"><div class=\"forminator-field\"><label for=\"forminator-field-date-1-picker_69da46793cff2\" id=\"forminator-field-date-1-picker_69da46793cff2-label\" class=\"forminator-label\">Fecha de nacimiento <span class=\"forminator-required\">*<\/span><\/label><div class=\"forminator-input-with-icon\"><span class=\"forminator-icon-calendar\" aria-hidden=\"true\"><\/span><input autocomplete=\"off\" type=\"text\" size=\"1\" name=\"date-1\" value=\"\" placeholder=\"Elegir fecha\" id=\"forminator-field-date-1-picker_69da46793cff2\" class=\"forminator-input forminator-datepicker\" data-required=\"1\" data-format=\"dd-mm-yy\" data-restrict-type=\"\" data-restrict=\"\" data-start-year=\"1926\" data-end-year=\"2126\" data-past-dates=\"enable\" data-start-of-week=\"1\" data-start-date=\"\" data-end-date=\"\" data-start-field=\"\" data-end-field=\"\" data-start-offset=\"\" data-end-offset=\"\" data-disable-date=\"\" data-disable-range=\"\" \/><\/div><\/div><\/div><\/div><div class=\"forminator-row\"><div id=\"address-1\" class=\"forminator-field-address forminator-col forminator-col-12 \"><div class=\"forminator-row\" data-multiple=\"false\"><div id=\"address-1-city\" class=\"forminator-col forminator-col-12\"><div class=\"forminator-field\"><label for=\"forminator-field-address-1-city_69da46793cff2\" id=\"forminator-field-address-1-city_69da46793cff2-label\" class=\"forminator-label\">Ciudad<\/label><input type=\"text\" name=\"address-1-city\" placeholder=\"\" id=\"forminator-field-address-1-city_69da46793cff2\" class=\"forminator-input\" data-required=\"\" aria-required=\"false\" autocomplete=\"address-level2\" value=\"\" \/><\/div><\/div><\/div><\/div><\/div><div class=\"forminator-row\"><div id=\"textarea-1\" class=\"forminator-field-textarea forminator-col forminator-col-12 \"><div class=\"forminator-field\"><label for=\"forminator-field-textarea-1_69da46793cff2\" id=\"forminator-field-textarea-1_69da46793cff2-label\" class=\"forminator-label\">Motivo del contacto<\/label><textarea name=\"textarea-1\" placeholder=\"\" id=\"forminator-field-textarea-1_69da46793cff2\" class=\"forminator-textarea\" rows=\"6\" style=\"min-height:140px;\" ><\/textarea><\/div><\/div><\/div><div class=\"forminator-row\"><div id=\"checkbox-1\" class=\"forminator-field-checkbox forminator-col forminator-col-12 \"><div role=\"group\" class=\"forminator-field required\" aria-labelledby=\"forminator-checkbox-group-forminator-field-checkbox-1-69da46793cff2-label\"><span id=\"forminator-checkbox-group-forminator-field-checkbox-1-69da46793cff2-label\" class=\"forminator-label\">Consetimientos <span class=\"forminator-required\">*<\/span><\/span><label id=\"forminator-field-checkbox-1-1-69da46793cff2-label\" for=\"forminator-field-checkbox-1-1-69da46793cff2\" class=\"forminator-checkbox\" title=\"Quiero recibir publicidad\"><input type=\"checkbox\" name=\"checkbox-1[]\" value=\"one\" id=\"forminator-field-checkbox-1-1-69da46793cff2\" aria-labelledby=\"forminator-field-checkbox-1-1-69da46793cff2-label\" data-calculation=\"0\"   data-hidden-behavior=\"zero\"\/><span class=\"forminator-checkbox-box\" aria-hidden=\"true\"><\/span><span class=\"forminator-checkbox-label\">Quiero recibir publicidad<\/span><\/label><label id=\"forminator-field-checkbox-1-2-69da46793cff2-label\" for=\"forminator-field-checkbox-1-2-69da46793cff2\" class=\"forminator-checkbox\" title=\"Acepto los t\u00e9rminos y condiciones y consiento el uso de mis datos par los fines indicados en la pol\u00edtica de privacidad\"><input type=\"checkbox\" name=\"checkbox-1[]\" value=\"two\" id=\"forminator-field-checkbox-1-2-69da46793cff2\" aria-labelledby=\"forminator-field-checkbox-1-2-69da46793cff2-label\" data-calculation=\"0\"   data-hidden-behavior=\"zero\"\/><span class=\"forminator-checkbox-box\" aria-hidden=\"true\"><\/span><span class=\"forminator-checkbox-label\">Acepto los t\u00e9rminos y condiciones y consiento el uso de mis datos par los fines indicados en la pol\u00edtica de privacidad<\/span><\/label><\/div><\/div><\/div><input type=\"hidden\" name=\"referer_url\" value=\"\" \/><div class=\"forminator-row forminator-row-last\"><div class=\"forminator-col\"><div class=\"forminator-field\"><button class=\"forminator-button forminator-button-submit\">Enviar<\/button><\/div><\/div><\/div><input type=\"hidden\" id=\"forminator_nonce\" name=\"forminator_nonce\" value=\"ee89cf4c59\" \/><input type=\"hidden\" name=\"_wp_http_referer\" value=\"\/index.php?rest_route=%2Fwp%2Fv2%2Fpages%2F2265\" \/><input type=\"hidden\" name=\"form_id\" value=\"1342\"><input type=\"hidden\" name=\"page_id\" value=\"2265\"><input type=\"hidden\" name=\"form_type\" value=\"default\"><input type=\"hidden\" name=\"current_url\" value=\"https:\/\/salafantastic.tallerdeweb.com\/?page_id=2265\"><input type=\"hidden\" name=\"render_id\" value=\"0\"><input type=\"hidden\" name=\"action\" value=\"forminator_submit_form_custom-forms\"><\/form><\/div>\n\t\t<\/div>\t\t\t\t<\/div>\n\t\t\t\t<\/div>\n\t\t\t\t<\/div>\n\t\t\t\t\t<\/div>\n\t\t\t\t<\/div>\n\t\t\t\t<\/div>\n\t\t","protected":false},"excerpt":{"rendered":"<p>Cont\u00e1ctanos<\/p>\n","protected":false},"author":2,"featured_media":0,"parent":0,"menu_order":0,"comment_status":"closed","ping_status":"closed","template":"","meta":{"_acf_changed":false,"_joinchat":[],"footnotes":""},"class_list":["post-2265","page","type-page","status-publish","hentry"],"acf":[],"yoast_head":"<!-- This site is optimized with the Yoast SEO Premium plugin v25.7 (Yoast SEO v27.0) - https:\/\/yoast.com\/product\/yoast-seo-premium-wordpress\/ -->\n<title>Contacto - Sala Fant\u0101stic<\/title>\n<meta name=\"robots\" content=\"noindex, follow, max-snippet:-1, max-image-preview:large, max-video-preview:-1\" \/>\n<meta property=\"og:locale\" content=\"es_ES\" \/>\n<meta property=\"og:type\" content=\"article\" \/>\n<meta property=\"og:title\" content=\"Contacto\" \/>\n<meta property=\"og:description\" content=\"Cont\u00e1ctanos\" \/>\n<meta property=\"og:url\" content=\"https:\/\/salafantastic.tallerdeweb.com\/?page_id=2265\" \/>\n<meta property=\"og:site_name\" content=\"Sala Fant\u0101stic\" \/>\n<meta property=\"article:modified_time\" content=\"2025-07-10T15:26:43+00:00\" \/>\n<meta property=\"og:image\" content=\"https:\/\/salafantastic.tallerdeweb.com\/wp-content\/uploads\/2025\/06\/logo-solo.png\" \/>\n\t<meta property=\"og:image:width\" content=\"374\" \/>\n\t<meta property=\"og:image:height\" content=\"505\" \/>\n\t<meta property=\"og:image:type\" content=\"image\/png\" \/>\n<meta name=\"twitter:card\" content=\"summary_large_image\" \/>\n<script type=\"application\/ld+json\" class=\"yoast-schema-graph\">{\"@context\":\"https:\/\/schema.org\",\"@graph\":[{\"@type\":\"WebPage\",\"@id\":\"https:\/\/salafantastic.tallerdeweb.com\/?page_id=2265\",\"url\":\"https:\/\/salafantastic.tallerdeweb.com\/?page_id=2265\",\"name\":\"Contacto - Sala Fant\u0101stic\",\"isPartOf\":{\"@id\":\"https:\/\/salafantastic.tallerdeweb.com\/#website\"},\"datePublished\":\"2024-09-11T14:22:45+00:00\",\"dateModified\":\"2025-07-10T15:26:43+00:00\",\"breadcrumb\":{\"@id\":\"https:\/\/salafantastic.tallerdeweb.com\/?page_id=2265#breadcrumb\"},\"inLanguage\":\"es\",\"potentialAction\":[{\"@type\":\"ReadAction\",\"target\":[\"https:\/\/salafantastic.tallerdeweb.com\/?page_id=2265\"]}]},{\"@type\":\"BreadcrumbList\",\"@id\":\"https:\/\/salafantastic.tallerdeweb.com\/?page_id=2265#breadcrumb\",\"itemListElement\":[{\"@type\":\"ListItem\",\"position\":1,\"name\":\"Portada\",\"item\":\"https:\/\/salafantastic.tallerdeweb.com\/\"},{\"@type\":\"ListItem\",\"position\":2,\"name\":\"Contacto\"}]},{\"@type\":\"WebSite\",\"@id\":\"https:\/\/salafantastic.tallerdeweb.com\/#website\",\"url\":\"https:\/\/salafantastic.tallerdeweb.com\/\",\"name\":\"salafantastic.es\",\"description\":\"M\u00fasica en vivo y buena compa\u00f1\u00eda\",\"publisher\":{\"@id\":\"https:\/\/salafantastic.tallerdeweb.com\/#organization\"},\"potentialAction\":[{\"@type\":\"SearchAction\",\"target\":{\"@type\":\"EntryPoint\",\"urlTemplate\":\"https:\/\/salafantastic.tallerdeweb.com\/?s={search_term_string}\"},\"query-input\":{\"@type\":\"PropertyValueSpecification\",\"valueRequired\":true,\"valueName\":\"search_term_string\"}}],\"inLanguage\":\"es\"},{\"@type\":\"Organization\",\"@id\":\"https:\/\/salafantastic.tallerdeweb.com\/#organization\",\"name\":\"salafantastic.es\",\"url\":\"https:\/\/salafantastic.tallerdeweb.com\/\",\"logo\":{\"@type\":\"ImageObject\",\"inLanguage\":\"es\",\"@id\":\"https:\/\/salafantastic.tallerdeweb.com\/#\/schema\/logo\/image\/\",\"url\":\"https:\/\/salafantastic.tallerdeweb.com\/wp-content\/uploads\/2025\/06\/logo-solo-1.png\",\"contentUrl\":\"https:\/\/salafantastic.tallerdeweb.com\/wp-content\/uploads\/2025\/06\/logo-solo-1.png\",\"width\":374,\"height\":402,\"caption\":\"salafantastic.es\"},\"image\":{\"@id\":\"https:\/\/salafantastic.tallerdeweb.com\/#\/schema\/logo\/image\/\"}}]}<\/script>\n<!-- \/ Yoast SEO Premium plugin. -->","yoast_head_json":{"title":"Contacto - Sala Fant\u0101stic","robots":{"index":"noindex","follow":"follow","max-snippet":"max-snippet:-1","max-image-preview":"max-image-preview:large","max-video-preview":"max-video-preview:-1"},"og_locale":"es_ES","og_type":"article","og_title":"Contacto","og_description":"Cont\u00e1ctanos","og_url":"https:\/\/salafantastic.tallerdeweb.com\/?page_id=2265","og_site_name":"Sala Fant\u0101stic","article_modified_time":"2025-07-10T15:26:43+00:00","og_image":[{"width":374,"height":505,"url":"https:\/\/salafantastic.tallerdeweb.com\/wp-content\/uploads\/2025\/06\/logo-solo.png","type":"image\/png"}],"twitter_card":"summary_large_image","schema":{"@context":"https:\/\/schema.org","@graph":[{"@type":"WebPage","@id":"https:\/\/salafantastic.tallerdeweb.com\/?page_id=2265","url":"https:\/\/salafantastic.tallerdeweb.com\/?page_id=2265","name":"Contacto - Sala Fant\u0101stic","isPartOf":{"@id":"https:\/\/salafantastic.tallerdeweb.com\/#website"},"datePublished":"2024-09-11T14:22:45+00:00","dateModified":"2025-07-10T15:26:43+00:00","breadcrumb":{"@id":"https:\/\/salafantastic.tallerdeweb.com\/?page_id=2265#breadcrumb"},"inLanguage":"es","potentialAction":[{"@type":"ReadAction","target":["https:\/\/salafantastic.tallerdeweb.com\/?page_id=2265"]}]},{"@type":"BreadcrumbList","@id":"https:\/\/salafantastic.tallerdeweb.com\/?page_id=2265#breadcrumb","itemListElement":[{"@type":"ListItem","position":1,"name":"Portada","item":"https:\/\/salafantastic.tallerdeweb.com\/"},{"@type":"ListItem","position":2,"name":"Contacto"}]},{"@type":"WebSite","@id":"https:\/\/salafantastic.tallerdeweb.com\/#website","url":"https:\/\/salafantastic.tallerdeweb.com\/","name":"salafantastic.es","description":"M\u00fasica en vivo y buena compa\u00f1\u00eda","publisher":{"@id":"https:\/\/salafantastic.tallerdeweb.com\/#organization"},"potentialAction":[{"@type":"SearchAction","target":{"@type":"EntryPoint","urlTemplate":"https:\/\/salafantastic.tallerdeweb.com\/?s={search_term_string}"},"query-input":{"@type":"PropertyValueSpecification","valueRequired":true,"valueName":"search_term_string"}}],"inLanguage":"es"},{"@type":"Organization","@id":"https:\/\/salafantastic.tallerdeweb.com\/#organization","name":"salafantastic.es","url":"https:\/\/salafantastic.tallerdeweb.com\/","logo":{"@type":"ImageObject","inLanguage":"es","@id":"https:\/\/salafantastic.tallerdeweb.com\/#\/schema\/logo\/image\/","url":"https:\/\/salafantastic.tallerdeweb.com\/wp-content\/uploads\/2025\/06\/logo-solo-1.png","contentUrl":"https:\/\/salafantastic.tallerdeweb.com\/wp-content\/uploads\/2025\/06\/logo-solo-1.png","width":374,"height":402,"caption":"salafantastic.es"},"image":{"@id":"https:\/\/salafantastic.tallerdeweb.com\/#\/schema\/logo\/image\/"}}]}},"_links":{"self":[{"href":"https:\/\/salafantastic.tallerdeweb.com\/index.php?rest_route=\/wp\/v2\/pages\/2265","targetHints":{"allow":["GET"]}}],"collection":[{"href":"https:\/\/salafantastic.tallerdeweb.com\/index.php?rest_route=\/wp\/v2\/pages"}],"about":[{"href":"https:\/\/salafantastic.tallerdeweb.com\/index.php?rest_route=\/wp\/v2\/types\/page"}],"author":[{"embeddable":true,"href":"https:\/\/salafantastic.tallerdeweb.com\/index.php?rest_route=\/wp\/v2\/users\/2"}],"replies":[{"embeddable":true,"href":"https:\/\/salafantastic.tallerdeweb.com\/index.php?rest_route=%2Fwp%2Fv2%2Fcomments&post=2265"}],"version-history":[{"count":3,"href":"https:\/\/salafantastic.tallerdeweb.com\/index.php?rest_route=\/wp\/v2\/pages\/2265\/revisions"}],"predecessor-version":[{"id":3085,"href":"https:\/\/salafantastic.tallerdeweb.com\/index.php?rest_route=\/wp\/v2\/pages\/2265\/revisions\/3085"}],"wp:attachment":[{"href":"https:\/\/salafantastic.tallerdeweb.com\/index.php?rest_route=%2Fwp%2Fv2%2Fmedia&parent=2265"}],"curies":[{"name":"wp","href":"https:\/\/api.w.org\/{rel}","templated":true}]}}