{"id":769,"date":"2025-05-16T10:51:42","date_gmt":"2025-05-16T10:51:42","guid":{"rendered":"https:\/\/salafantastic.tallerdeweb.com\/home-2\/"},"modified":"2025-06-09T09:59:26","modified_gmt":"2025-06-09T09:59:26","slug":"inicio","status":"publish","type":"page","link":"https:\/\/salafantastic.tallerdeweb.com\/","title":{"rendered":"Inicio"},"content":{"rendered":"\t\t<div data-elementor-type=\"wp-page\" data-elementor-id=\"769\" class=\"elementor elementor-769\" data-elementor-post-type=\"page\">\n\t\t\t\t<div class=\"elementor-element elementor-element-abb6309 e-con-full e-flex cmsmasters-block-default e-con e-parent\" data-id=\"abb6309\" data-element_type=\"container\" data-e-type=\"container\">\n\t\t\t\t<div class=\"elementor-element elementor-element-aefb3ef cmsmasters-block-default cmsmasters-sticky-default elementor-widget elementor-widget-image\" data-id=\"aefb3ef\" data-element_type=\"widget\" data-e-type=\"widget\" data-widget_type=\"image.default\">\n\t\t\t\t<div class=\"elementor-widget-container\">\n\t\t\t\t\t\t\t\t\t\t\t\t\t\t\t<img fetchpriority=\"high\" decoding=\"async\" width=\"373\" height=\"491\" src=\"https:\/\/salafantastic.tallerdeweb.com\/wp-content\/uploads\/2025\/05\/logo-trans2.png\" class=\"attachment-full size-full wp-image-41\" alt=\"\" srcset=\"https:\/\/salafantastic.tallerdeweb.com\/wp-content\/uploads\/2025\/05\/logo-trans2.png 373w, https:\/\/salafantastic.tallerdeweb.com\/wp-content\/uploads\/2025\/05\/logo-trans2-228x300.png 228w\" sizes=\"(max-width: 373px) 100vw, 373px\" \/>\t\t\t\t\t\t\t\t\t\t\t\t\t\t\t<\/div>\n\t\t\t\t<\/div>\n\t\t\t\t<\/div>\n\t\t<div class=\"elementor-element elementor-element-d4f04ab e-flex e-con-boxed cmsmasters-block-default e-con e-parent\" data-id=\"d4f04ab\" data-element_type=\"container\" data-e-type=\"container\">\n\t\t\t\t\t<div class=\"e-con-inner\">\n\t\t\t\t<div class=\"elementor-element elementor-element-c0d102a elementor-testimonial--skin-default elementor-testimonial--layout-image_inline elementor-testimonial--align-center elementor-arrows-yes elementor-pagination-type-bullets cmsmasters-block-default cmsmasters-sticky-default elementor-widget elementor-widget-testimonial-carousel\" data-id=\"c0d102a\" data-element_type=\"widget\" data-e-type=\"widget\" data-settings=\"{&quot;autoplay_speed&quot;:7000,&quot;speed&quot;:1000,&quot;space_between&quot;:{&quot;unit&quot;:&quot;px&quot;,&quot;size&quot;:9,&quot;sizes&quot;:[]},&quot;show_arrows&quot;:&quot;yes&quot;,&quot;pagination&quot;:&quot;bullets&quot;,&quot;autoplay&quot;:&quot;yes&quot;,&quot;loop&quot;:&quot;yes&quot;,&quot;space_between_widescreen&quot;:{&quot;unit&quot;:&quot;px&quot;,&quot;size&quot;:10,&quot;sizes&quot;:[]},&quot;space_between_tablet&quot;:{&quot;unit&quot;:&quot;px&quot;,&quot;size&quot;:10,&quot;sizes&quot;:[]},&quot;space_between_mobile&quot;:{&quot;unit&quot;:&quot;px&quot;,&quot;size&quot;:10,&quot;sizes&quot;:[]}}\" data-widget_type=\"testimonial-carousel.default\">\n\t\t\t\t<div class=\"elementor-widget-container\">\n\t\t\t\t\t\t\t\t\t<div class=\"elementor-swiper\">\n\t\t\t\t\t<div class=\"elementor-main-swiper swiper\" role=\"region\" aria-roledescription=\"carousel\" aria-label=\"Slides\">\n\t\t\t\t<div class=\"swiper-wrapper\">\n\t\t\t\t\t\t\t\t\t\t\t<div class=\"swiper-slide\" role=\"group\" aria-roledescription=\"slide\">\n\t\t\t\t\t\t\t\t\t<div class=\"elementor-testimonial\">\n\t\t\t\t\t\t\t<div class=\"elementor-testimonial__content\">\n\t\t\t\t\t<div class=\"elementor-testimonial__text\">\n\t\t\t\t\t\tVer a mi padre y a mi hijo cantando la misma canci\u00f3n\u2026\t\t\t\t\t<\/div>\n\t\t\t\t\t\t\t\t\t<\/div>\n\t\t\t\t\t\t<div class=\"elementor-testimonial__footer\">\n\t\t\t\t\t\t\t\t\t<div class=\"elementor-testimonial__image\">\n\t\t\t\t\t\t<img decoding=\"async\" src=\"https:\/\/salafantastic.tallerdeweb.com\/wp-content\/uploads\/2025\/05\/logo-trans2-icono.png\" alt=\"eso es FANTASTIC\">\n\t\t\t\t\t\t\t\t\t\t\t<\/div>\n\t\t\t\t\t\t\t\t<cite class=\"elementor-testimonial__cite\"><span class=\"elementor-testimonial__name\">eso es FANTASTIC<\/span><\/cite>\t\t\t<\/div>\n\t\t<\/div>\n\t\t\t\t\t\t\t\t<\/div>\n\t\t\t\t\t\t\t\t\t\t\t<div class=\"swiper-slide\" role=\"group\" aria-roledescription=\"slide\">\n\t\t\t\t\t\t\t\t\t<div class=\"elementor-testimonial\">\n\t\t\t\t\t\t\t<div class=\"elementor-testimonial__content\">\n\t\t\t\t\t<div class=\"elementor-testimonial__text\">\n\t\t\t\t\t\tQue terminando el tardeo el DJ pida pizza para todos...\t\t\t\t\t<\/div>\n\t\t\t\t\t\t\t\t\t<\/div>\n\t\t\t\t\t\t<div class=\"elementor-testimonial__footer\">\n\t\t\t\t\t\t\t\t\t<div class=\"elementor-testimonial__image\">\n\t\t\t\t\t\t<img decoding=\"async\" src=\"https:\/\/salafantastic.tallerdeweb.com\/wp-content\/uploads\/2025\/05\/logo-trans2-icono.png\" alt=\"eso es FANTASTIC\">\n\t\t\t\t\t\t\t\t\t\t\t<\/div>\n\t\t\t\t\t\t\t\t<cite class=\"elementor-testimonial__cite\"><span class=\"elementor-testimonial__name\">eso es FANTASTIC<\/span><\/cite>\t\t\t<\/div>\n\t\t<\/div>\n\t\t\t\t\t\t\t\t<\/div>\n\t\t\t\t\t\t\t\t\t\t\t<div class=\"swiper-slide\" role=\"group\" aria-roledescription=\"slide\">\n\t\t\t\t\t\t\t\t\t<div class=\"elementor-testimonial\">\n\t\t\t\t\t\t\t<div class=\"elementor-testimonial__content\">\n\t\t\t\t\t<div class=\"elementor-testimonial__text\">\n\t\t\t\t\t\tCantar a grito pelado con desconocidos que se vuelven colegas...\t\t\t\t\t<\/div>\n\t\t\t\t\t\t\t\t\t<\/div>\n\t\t\t\t\t\t<div class=\"elementor-testimonial__footer\">\n\t\t\t\t\t\t\t\t\t<div class=\"elementor-testimonial__image\">\n\t\t\t\t\t\t<img decoding=\"async\" src=\"https:\/\/salafantastic.tallerdeweb.com\/wp-content\/uploads\/2025\/05\/logo-trans2-icono.png\" alt=\"eso es FANTASTIC\">\n\t\t\t\t\t\t\t\t\t\t\t<\/div>\n\t\t\t\t\t\t\t\t<cite class=\"elementor-testimonial__cite\"><span class=\"elementor-testimonial__name\">eso es FANTASTIC<\/span><\/cite>\t\t\t<\/div>\n\t\t<\/div>\n\t\t\t\t\t\t\t\t<\/div>\n\t\t\t\t\t\t\t\t\t\t\t<div class=\"swiper-slide\" role=\"group\" aria-roledescription=\"slide\">\n\t\t\t\t\t\t\t\t\t<div class=\"elementor-testimonial\">\n\t\t\t\t\t\t\t<div class=\"elementor-testimonial__content\">\n\t\t\t\t\t<div class=\"elementor-testimonial__text\">\n\t\t\t\t\t\tEse momento en que suena Bohemian Rhapsody y todo el local se viene arriba...\t\t\t\t\t<\/div>\n\t\t\t\t\t\t\t\t\t<\/div>\n\t\t\t\t\t\t<div class=\"elementor-testimonial__footer\">\n\t\t\t\t\t\t\t\t\t<div class=\"elementor-testimonial__image\">\n\t\t\t\t\t\t<img decoding=\"async\" src=\"https:\/\/salafantastic.tallerdeweb.com\/wp-content\/uploads\/2025\/05\/logo-trans2-icono.png\" alt=\"eso es FANTASTIC\">\n\t\t\t\t\t\t\t\t\t\t\t<\/div>\n\t\t\t\t\t\t\t\t<cite class=\"elementor-testimonial__cite\"><span class=\"elementor-testimonial__name\">eso es FANTASTIC<\/span><\/cite>\t\t\t<\/div>\n\t\t<\/div>\n\t\t\t\t\t\t\t\t<\/div>\n\t\t\t\t\t\t\t\t\t\t\t<div class=\"swiper-slide\" role=\"group\" aria-roledescription=\"slide\">\n\t\t\t\t\t\t\t\t\t<div class=\"elementor-testimonial\">\n\t\t\t\t\t\t\t<div class=\"elementor-testimonial__content\">\n\t\t\t\t\t<div class=\"elementor-testimonial__text\">\n\t\t\t\t\t\tUn lugar de m\u00fasica en directo donde venir a comer la paella del domingo...\t\t\t\t\t<\/div>\n\t\t\t\t\t\t\t\t\t<\/div>\n\t\t\t\t\t\t<div class=\"elementor-testimonial__footer\">\n\t\t\t\t\t\t\t\t\t<div class=\"elementor-testimonial__image\">\n\t\t\t\t\t\t<img decoding=\"async\" src=\"https:\/\/salafantastic.tallerdeweb.com\/wp-content\/uploads\/2025\/05\/logo-trans2-icono.png\" alt=\"eso es FANTASTIC\">\n\t\t\t\t\t\t\t\t\t\t\t<\/div>\n\t\t\t\t\t\t\t\t<cite class=\"elementor-testimonial__cite\"><span class=\"elementor-testimonial__name\">eso es FANTASTIC<\/span><\/cite>\t\t\t<\/div>\n\t\t<\/div>\n\t\t\t\t\t\t\t\t<\/div>\n\t\t\t\t\t\t\t\t\t\t\t<div class=\"swiper-slide\" role=\"group\" aria-roledescription=\"slide\">\n\t\t\t\t\t\t\t\t\t<div class=\"elementor-testimonial\">\n\t\t\t\t\t\t\t<div class=\"elementor-testimonial__content\">\n\t\t\t\t\t<div class=\"elementor-testimonial__text\">\n\t\t\t\t\t\tCantar delante de todos como si estuvieras en tu ducha y que no te importe...\t\t\t\t\t<\/div>\n\t\t\t\t\t\t\t\t\t<\/div>\n\t\t\t\t\t\t<div class=\"elementor-testimonial__footer\">\n\t\t\t\t\t\t\t\t\t<div class=\"elementor-testimonial__image\">\n\t\t\t\t\t\t<img decoding=\"async\" src=\"https:\/\/salafantastic.tallerdeweb.com\/wp-content\/uploads\/2025\/05\/logo-trans2-icono.png\" alt=\"eso es FANTASTIC\">\n\t\t\t\t\t\t\t\t\t\t\t<\/div>\n\t\t\t\t\t\t\t\t<cite class=\"elementor-testimonial__cite\"><span class=\"elementor-testimonial__name\">eso es FANTASTIC<\/span><\/cite>\t\t\t<\/div>\n\t\t<\/div>\n\t\t\t\t\t\t\t\t<\/div>\n\t\t\t\t\t\t\t\t\t\t\t<div class=\"swiper-slide\" role=\"group\" aria-roledescription=\"slide\">\n\t\t\t\t\t\t\t\t\t<div class=\"elementor-testimonial\">\n\t\t\t\t\t\t\t<div class=\"elementor-testimonial__content\">\n\t\t\t\t\t<div class=\"elementor-testimonial__text\">\n\t\t\t\t\t\tSalir sin expectativas\u2026 y volver con historias...\t\t\t\t\t<\/div>\n\t\t\t\t\t\t\t\t\t<\/div>\n\t\t\t\t\t\t<div class=\"elementor-testimonial__footer\">\n\t\t\t\t\t\t\t\t\t<div class=\"elementor-testimonial__image\">\n\t\t\t\t\t\t<img decoding=\"async\" src=\"https:\/\/salafantastic.tallerdeweb.com\/wp-content\/uploads\/2025\/05\/logo-trans2-icono.png\" alt=\"eso es FANTASTIC\">\n\t\t\t\t\t\t\t\t\t\t\t<\/div>\n\t\t\t\t\t\t\t\t<cite class=\"elementor-testimonial__cite\"><span class=\"elementor-testimonial__name\">eso es FANTASTIC<\/span><\/cite>\t\t\t<\/div>\n\t\t<\/div>\n\t\t\t\t\t\t\t\t<\/div>\n\t\t\t\t\t\t\t\t\t\t\t<div class=\"swiper-slide\" role=\"group\" aria-roledescription=\"slide\">\n\t\t\t\t\t\t\t\t\t<div class=\"elementor-testimonial\">\n\t\t\t\t\t\t\t<div class=\"elementor-testimonial__content\">\n\t\t\t\t\t<div class=\"elementor-testimonial__text\">\n\t\t\t\t\t\tSalir \"de tranqui\" a tomar algo y acabar subido en el escenario...\t\t\t\t\t<\/div>\n\t\t\t\t\t\t\t\t\t<\/div>\n\t\t\t\t\t\t<div class=\"elementor-testimonial__footer\">\n\t\t\t\t\t\t\t\t\t<div class=\"elementor-testimonial__image\">\n\t\t\t\t\t\t<img decoding=\"async\" src=\"https:\/\/salafantastic.tallerdeweb.com\/wp-content\/uploads\/2025\/05\/logo-trans2-icono.png\" alt=\"eso es FANTASTIC\">\n\t\t\t\t\t\t\t\t\t\t\t<\/div>\n\t\t\t\t\t\t\t\t<cite class=\"elementor-testimonial__cite\"><span class=\"elementor-testimonial__name\">eso es FANTASTIC<\/span><\/cite>\t\t\t<\/div>\n\t\t<\/div>\n\t\t\t\t\t\t\t\t<\/div>\n\t\t\t\t\t\t\t\t\t\t\t<div class=\"swiper-slide\" role=\"group\" aria-roledescription=\"slide\">\n\t\t\t\t\t\t\t\t\t<div class=\"elementor-testimonial\">\n\t\t\t\t\t\t\t<div class=\"elementor-testimonial__content\">\n\t\t\t\t\t<div class=\"elementor-testimonial__text\">\n\t\t\t\t\t\tQuerer celebrar mi 50 cumplea\u00f1os y que me dejen una sala de conciertos para hacerlo...\t\t\t\t\t<\/div>\n\t\t\t\t\t\t\t\t\t<\/div>\n\t\t\t\t\t\t<div class=\"elementor-testimonial__footer\">\n\t\t\t\t\t\t\t\t\t<div class=\"elementor-testimonial__image\">\n\t\t\t\t\t\t<img decoding=\"async\" src=\"https:\/\/salafantastic.tallerdeweb.com\/wp-content\/uploads\/2025\/05\/logo-trans2-icono.png\" alt=\"eso es FANTASTIC\">\n\t\t\t\t\t\t\t\t\t\t\t<\/div>\n\t\t\t\t\t\t\t\t<cite class=\"elementor-testimonial__cite\"><span class=\"elementor-testimonial__name\">eso es FANTASTIC<\/span><\/cite>\t\t\t<\/div>\n\t\t<\/div>\n\t\t\t\t\t\t\t\t<\/div>\n\t\t\t\t\t\t\t\t\t\t\t<div class=\"swiper-slide\" role=\"group\" aria-roledescription=\"slide\">\n\t\t\t\t\t\t\t\t\t<div class=\"elementor-testimonial\">\n\t\t\t\t\t\t\t<div class=\"elementor-testimonial__content\">\n\t\t\t\t\t<div class=\"elementor-testimonial__text\">\n\t\t\t\t\t\tQue tus hijos te digan \u201cquiero volver\u201d...\t\t\t\t\t<\/div>\n\t\t\t\t\t\t\t\t\t<\/div>\n\t\t\t\t\t\t<div class=\"elementor-testimonial__footer\">\n\t\t\t\t\t\t\t\t\t<div class=\"elementor-testimonial__image\">\n\t\t\t\t\t\t<img decoding=\"async\" src=\"https:\/\/salafantastic.tallerdeweb.com\/wp-content\/uploads\/2025\/05\/logo-trans2-icono.png\" alt=\"eso es FANTASTIC\">\n\t\t\t\t\t\t\t\t\t\t\t<\/div>\n\t\t\t\t\t\t\t\t<cite class=\"elementor-testimonial__cite\"><span class=\"elementor-testimonial__name\">eso es FANTASTIC<\/span><\/cite>\t\t\t<\/div>\n\t\t<\/div>\n\t\t\t\t\t\t\t\t<\/div>\n\t\t\t\t\t\t\t\t\t\t\t<div class=\"swiper-slide\" role=\"group\" aria-roledescription=\"slide\">\n\t\t\t\t\t\t\t\t\t<div class=\"elementor-testimonial\">\n\t\t\t\t\t\t\t<div class=\"elementor-testimonial__content\">\n\t\t\t\t\t<div class=\"elementor-testimonial__text\">\n\t\t\t\t\t\tDespertar por la ma\u00f1ana recordando el fiest\u00f3n de anoche y darte cuenta que a\u00fan es s\u00e1bado....\t\t\t\t\t<\/div>\n\t\t\t\t\t\t\t\t\t<\/div>\n\t\t\t\t\t\t<div class=\"elementor-testimonial__footer\">\n\t\t\t\t\t\t\t\t\t<div class=\"elementor-testimonial__image\">\n\t\t\t\t\t\t<img decoding=\"async\" src=\"https:\/\/salafantastic.tallerdeweb.com\/wp-content\/uploads\/2025\/05\/logo-trans2-icono.png\" alt=\"eso es FANTASTIC\">\n\t\t\t\t\t\t\t\t\t\t\t<\/div>\n\t\t\t\t\t\t\t\t<cite class=\"elementor-testimonial__cite\"><span class=\"elementor-testimonial__name\">eso es FANTASTIC<\/span><\/cite>\t\t\t<\/div>\n\t\t<\/div>\n\t\t\t\t\t\t\t\t<\/div>\n\t\t\t\t\t\t\t\t\t<\/div>\n\t\t\t\t\t\t\t\t\t\t\t\t\t\t\t<div class=\"elementor-swiper-button elementor-swiper-button-prev\" role=\"button\" tabindex=\"0\" aria-label=\"Previous\">\n\t\t\t\t\t\t\t<svg aria-hidden=\"true\" class=\"e-font-icon-svg e-eicon-chevron-left\" viewBox=\"0 0 1000 1000\" xmlns=\"http:\/\/www.w3.org\/2000\/svg\"><path d=\"M646 125C629 125 613 133 604 142L308 442C296 454 292 471 292 487 292 504 296 521 308 533L604 854C617 867 629 875 646 875 663 875 679 871 692 858 704 846 713 829 713 812 713 796 708 779 692 767L438 487 692 225C700 217 708 204 708 187 708 171 704 154 692 142 675 129 663 125 646 125Z\"><\/path><\/svg>\t\t\t\t\t\t<\/div>\n\t\t\t\t\t\t<div class=\"elementor-swiper-button elementor-swiper-button-next\" role=\"button\" tabindex=\"0\" aria-label=\"Next\">\n\t\t\t\t\t\t\t<svg aria-hidden=\"true\" class=\"e-font-icon-svg e-eicon-chevron-right\" viewBox=\"0 0 1000 1000\" xmlns=\"http:\/\/www.w3.org\/2000\/svg\"><path d=\"M696 533C708 521 713 504 713 487 713 471 708 454 696 446L400 146C388 133 375 125 354 125 338 125 325 129 313 142 300 154 292 171 292 187 292 204 296 221 308 233L563 492 304 771C292 783 288 800 288 817 288 833 296 850 308 863 321 871 338 875 354 875 371 875 388 867 400 854L696 533Z\"><\/path><\/svg>\t\t\t\t\t\t<\/div>\n\t\t\t\t\t\t\t\t\t\t\t\t\t\t\t\t<div class=\"swiper-pagination\"><\/div>\n\t\t\t\t\t\t\t\t\t\t\t\t<\/div>\n\t\t\t\t<\/div>\n\t\t\t\t\t\t\t\t<\/div>\n\t\t\t\t<\/div>\n\t\t\t\t\t<\/div>\n\t\t\t\t<\/div>\n\t\t\t\t<\/div>\n\t\t","protected":false},"excerpt":{"rendered":"<p>Ver a mi padre y a mi hijo cantando la misma canci\u00f3n\u2026 eso es FANTASTIC Que terminando el tardeo el DJ pida pizza para todos&#8230; eso es FANTASTIC Cantar a&#8230;<\/p>\n","protected":false},"author":2,"featured_media":0,"parent":0,"menu_order":0,"comment_status":"closed","ping_status":"closed","template":"","meta":{"_acf_changed":false,"_joinchat":[],"footnotes":""},"class_list":["post-769","page","type-page","status-publish","hentry"],"acf":[],"yoast_head":"<!-- This site is optimized with the Yoast SEO Premium plugin v25.7 (Yoast SEO v27.0) - https:\/\/yoast.com\/product\/yoast-seo-premium-wordpress\/ -->\n<title>Inicio - Sala Fant\u0101stic<\/title>\n<meta name=\"robots\" content=\"noindex, follow, max-snippet:-1, max-image-preview:large, max-video-preview:-1\" \/>\n<meta property=\"og:locale\" content=\"es_ES\" \/>\n<meta property=\"og:type\" content=\"article\" \/>\n<meta property=\"og:title\" content=\"Inicio\" \/>\n<meta property=\"og:description\" content=\"Ver a mi padre y a mi hijo cantando la misma canci\u00f3n\u2026 eso es FANTASTIC Que terminando el tardeo el DJ pida pizza para todos&#8230; eso es FANTASTIC Cantar a...\" \/>\n<meta property=\"og:url\" content=\"https:\/\/salafantastic.tallerdeweb.com\/\" \/>\n<meta property=\"og:site_name\" content=\"Sala Fant\u0101stic\" \/>\n<meta property=\"article:modified_time\" content=\"2025-06-09T09:59:26+00:00\" \/>\n<meta property=\"og:image\" content=\"https:\/\/salafantastic.tallerdeweb.com\/wp-content\/uploads\/2025\/05\/logo-trans2.png\" \/>\n<meta name=\"twitter:card\" content=\"summary_large_image\" \/>\n<meta name=\"twitter:label1\" content=\"Tiempo de lectura\" \/>\n\t<meta name=\"twitter:data1\" content=\"3 minutos\" \/>\n<script type=\"application\/ld+json\" class=\"yoast-schema-graph\">{\"@context\":\"https:\/\/schema.org\",\"@graph\":[{\"@type\":\"WebPage\",\"@id\":\"https:\/\/salafantastic.tallerdeweb.com\/\",\"url\":\"https:\/\/salafantastic.tallerdeweb.com\/\",\"name\":\"Inicio - Sala Fant\u0101stic\",\"isPartOf\":{\"@id\":\"https:\/\/salafantastic.tallerdeweb.com\/#website\"},\"primaryImageOfPage\":{\"@id\":\"https:\/\/salafantastic.tallerdeweb.com\/#primaryimage\"},\"image\":{\"@id\":\"https:\/\/salafantastic.tallerdeweb.com\/#primaryimage\"},\"thumbnailUrl\":\"https:\/\/salafantastic.tallerdeweb.com\/wp-content\/uploads\/2025\/05\/logo-trans2.png\",\"datePublished\":\"2025-05-16T10:51:42+00:00\",\"dateModified\":\"2025-06-09T09:59:26+00:00\",\"breadcrumb\":{\"@id\":\"https:\/\/salafantastic.tallerdeweb.com\/#breadcrumb\"},\"inLanguage\":\"es\",\"potentialAction\":[{\"@type\":\"ReadAction\",\"target\":[\"https:\/\/salafantastic.tallerdeweb.com\/\"]}]},{\"@type\":\"ImageObject\",\"inLanguage\":\"es\",\"@id\":\"https:\/\/salafantastic.tallerdeweb.com\/#primaryimage\",\"url\":\"https:\/\/salafantastic.tallerdeweb.com\/wp-content\/uploads\/2025\/05\/logo-trans2.png\",\"contentUrl\":\"https:\/\/salafantastic.tallerdeweb.com\/wp-content\/uploads\/2025\/05\/logo-trans2.png\",\"width\":373,\"height\":491},{\"@type\":\"BreadcrumbList\",\"@id\":\"https:\/\/salafantastic.tallerdeweb.com\/#breadcrumb\",\"itemListElement\":[{\"@type\":\"ListItem\",\"position\":1,\"name\":\"Portada\",\"item\":\"https:\/\/salafantastic.tallerdeweb.com\/\"},{\"@type\":\"ListItem\",\"position\":2,\"name\":\"Inicio\"}]},{\"@type\":\"WebSite\",\"@id\":\"https:\/\/salafantastic.tallerdeweb.com\/#website\",\"url\":\"https:\/\/salafantastic.tallerdeweb.com\/\",\"name\":\"salafantastic.es\",\"description\":\"M\u00fasica en vivo y buena compa\u00f1\u00eda\",\"publisher\":{\"@id\":\"https:\/\/salafantastic.tallerdeweb.com\/#organization\"},\"potentialAction\":[{\"@type\":\"SearchAction\",\"target\":{\"@type\":\"EntryPoint\",\"urlTemplate\":\"https:\/\/salafantastic.tallerdeweb.com\/?s={search_term_string}\"},\"query-input\":{\"@type\":\"PropertyValueSpecification\",\"valueRequired\":true,\"valueName\":\"search_term_string\"}}],\"inLanguage\":\"es\"},{\"@type\":\"Organization\",\"@id\":\"https:\/\/salafantastic.tallerdeweb.com\/#organization\",\"name\":\"salafantastic.es\",\"url\":\"https:\/\/salafantastic.tallerdeweb.com\/\",\"logo\":{\"@type\":\"ImageObject\",\"inLanguage\":\"es\",\"@id\":\"https:\/\/salafantastic.tallerdeweb.com\/#\/schema\/logo\/image\/\",\"url\":\"https:\/\/salafantastic.tallerdeweb.com\/wp-content\/uploads\/2025\/06\/logo-solo-1.png\",\"contentUrl\":\"https:\/\/salafantastic.tallerdeweb.com\/wp-content\/uploads\/2025\/06\/logo-solo-1.png\",\"width\":374,\"height\":402,\"caption\":\"salafantastic.es\"},\"image\":{\"@id\":\"https:\/\/salafantastic.tallerdeweb.com\/#\/schema\/logo\/image\/\"}}]}<\/script>\n<!-- \/ Yoast SEO Premium plugin. -->","yoast_head_json":{"title":"Inicio - Sala Fant\u0101stic","robots":{"index":"noindex","follow":"follow","max-snippet":"max-snippet:-1","max-image-preview":"max-image-preview:large","max-video-preview":"max-video-preview:-1"},"og_locale":"es_ES","og_type":"article","og_title":"Inicio","og_description":"Ver a mi padre y a mi hijo cantando la misma canci\u00f3n\u2026 eso es FANTASTIC Que terminando el tardeo el DJ pida pizza para todos&#8230; eso es FANTASTIC Cantar a...","og_url":"https:\/\/salafantastic.tallerdeweb.com\/","og_site_name":"Sala Fant\u0101stic","article_modified_time":"2025-06-09T09:59:26+00:00","og_image":[{"url":"https:\/\/salafantastic.tallerdeweb.com\/wp-content\/uploads\/2025\/05\/logo-trans2.png","type":"","width":"","height":""}],"twitter_card":"summary_large_image","twitter_misc":{"Tiempo de lectura":"3 minutos"},"schema":{"@context":"https:\/\/schema.org","@graph":[{"@type":"WebPage","@id":"https:\/\/salafantastic.tallerdeweb.com\/","url":"https:\/\/salafantastic.tallerdeweb.com\/","name":"Inicio - Sala Fant\u0101stic","isPartOf":{"@id":"https:\/\/salafantastic.tallerdeweb.com\/#website"},"primaryImageOfPage":{"@id":"https:\/\/salafantastic.tallerdeweb.com\/#primaryimage"},"image":{"@id":"https:\/\/salafantastic.tallerdeweb.com\/#primaryimage"},"thumbnailUrl":"https:\/\/salafantastic.tallerdeweb.com\/wp-content\/uploads\/2025\/05\/logo-trans2.png","datePublished":"2025-05-16T10:51:42+00:00","dateModified":"2025-06-09T09:59:26+00:00","breadcrumb":{"@id":"https:\/\/salafantastic.tallerdeweb.com\/#breadcrumb"},"inLanguage":"es","potentialAction":[{"@type":"ReadAction","target":["https:\/\/salafantastic.tallerdeweb.com\/"]}]},{"@type":"ImageObject","inLanguage":"es","@id":"https:\/\/salafantastic.tallerdeweb.com\/#primaryimage","url":"https:\/\/salafantastic.tallerdeweb.com\/wp-content\/uploads\/2025\/05\/logo-trans2.png","contentUrl":"https:\/\/salafantastic.tallerdeweb.com\/wp-content\/uploads\/2025\/05\/logo-trans2.png","width":373,"height":491},{"@type":"BreadcrumbList","@id":"https:\/\/salafantastic.tallerdeweb.com\/#breadcrumb","itemListElement":[{"@type":"ListItem","position":1,"name":"Portada","item":"https:\/\/salafantastic.tallerdeweb.com\/"},{"@type":"ListItem","position":2,"name":"Inicio"}]},{"@type":"WebSite","@id":"https:\/\/salafantastic.tallerdeweb.com\/#website","url":"https:\/\/salafantastic.tallerdeweb.com\/","name":"salafantastic.es","description":"M\u00fasica en vivo y buena compa\u00f1\u00eda","publisher":{"@id":"https:\/\/salafantastic.tallerdeweb.com\/#organization"},"potentialAction":[{"@type":"SearchAction","target":{"@type":"EntryPoint","urlTemplate":"https:\/\/salafantastic.tallerdeweb.com\/?s={search_term_string}"},"query-input":{"@type":"PropertyValueSpecification","valueRequired":true,"valueName":"search_term_string"}}],"inLanguage":"es"},{"@type":"Organization","@id":"https:\/\/salafantastic.tallerdeweb.com\/#organization","name":"salafantastic.es","url":"https:\/\/salafantastic.tallerdeweb.com\/","logo":{"@type":"ImageObject","inLanguage":"es","@id":"https:\/\/salafantastic.tallerdeweb.com\/#\/schema\/logo\/image\/","url":"https:\/\/salafantastic.tallerdeweb.com\/wp-content\/uploads\/2025\/06\/logo-solo-1.png","contentUrl":"https:\/\/salafantastic.tallerdeweb.com\/wp-content\/uploads\/2025\/06\/logo-solo-1.png","width":374,"height":402,"caption":"salafantastic.es"},"image":{"@id":"https:\/\/salafantastic.tallerdeweb.com\/#\/schema\/logo\/image\/"}}]}},"_links":{"self":[{"href":"https:\/\/salafantastic.tallerdeweb.com\/index.php?rest_route=\/wp\/v2\/pages\/769","targetHints":{"allow":["GET"]}}],"collection":[{"href":"https:\/\/salafantastic.tallerdeweb.com\/index.php?rest_route=\/wp\/v2\/pages"}],"about":[{"href":"https:\/\/salafantastic.tallerdeweb.com\/index.php?rest_route=\/wp\/v2\/types\/page"}],"author":[{"embeddable":true,"href":"https:\/\/salafantastic.tallerdeweb.com\/index.php?rest_route=\/wp\/v2\/users\/2"}],"replies":[{"embeddable":true,"href":"https:\/\/salafantastic.tallerdeweb.com\/index.php?rest_route=%2Fwp%2Fv2%2Fcomments&post=769"}],"version-history":[{"count":3,"href":"https:\/\/salafantastic.tallerdeweb.com\/index.php?rest_route=\/wp\/v2\/pages\/769\/revisions"}],"predecessor-version":[{"id":1319,"href":"https:\/\/salafantastic.tallerdeweb.com\/index.php?rest_route=\/wp\/v2\/pages\/769\/revisions\/1319"}],"wp:attachment":[{"href":"https:\/\/salafantastic.tallerdeweb.com\/index.php?rest_route=%2Fwp%2Fv2%2Fmedia&parent=769"}],"curies":[{"name":"wp","href":"https:\/\/api.w.org\/{rel}","templated":true}]}}